{"id":944,"date":"2019-05-24T00:25:30","date_gmt":"2019-05-24T00:25:30","guid":{"rendered":"https:\/\/avdrones.dotrs.com.mx\/blog-tecnologia-copy\/"},"modified":"2019-09-26T12:56:12","modified_gmt":"2019-09-26T12:56:12","slug":"blog-lugares","status":"publish","type":"page","link":"https:\/\/avdrones.mx\/en\/blog-lugares\/","title":{"rendered":"Lugares"},"content":{"rendered":"<div data-elementor-type=\"post\" data-elementor-id=\"944\" class=\"elementor elementor-944\" data-elementor-settings=\"[]\">\n\t\t\t<div class=\"elementor-inner\">\n\t\t\t\t<div class=\"elementor-section-wrap\">\n\t\t\t\t\t\t\t<section class=\"elementor-element elementor-element-18fb5d2b elementor-section-boxed elementor-section-height-default elementor-section-height-default elementor-section elementor-top-section\" data-id=\"18fb5d2b\" data-element_type=\"section\">\n\t\t\t\t\t\t<div class=\"elementor-container elementor-column-gap-default\">\n\t\t\t\t<div class=\"elementor-row\">\n\t\t\t\t<div class=\"elementor-element elementor-element-7d5b47dd elementor-column elementor-col-100 elementor-top-column\" data-id=\"7d5b47dd\" data-element_type=\"column\">\n\t\t\t<div class=\"elementor-column-wrap  elementor-element-populated\">\n\t\t\t\t\t<div class=\"elementor-widget-wrap\">\n\t\t\t\t<div class=\"elementor-element elementor-element-6f6b13f1 elementor-widget elementor-widget-text-editor\" data-id=\"6f6b13f1\" data-element_type=\"widget\" data-widget_type=\"text-editor.default\">\n\t\t\t\t<div class=\"elementor-widget-container\">\n\t\t\t\t\t<div class=\"elementor-text-editor elementor-clearfix\"><p><!--style><br \/>\nul#menu li {display:inline;padding-left: 3em;}<br \/>\nul#menu li a{text-decoration: none;}<br \/>\n<\/style>\n<p>--><\/p><ul id=\"menu\"><li><a href=\" http:\/\/avdrones.mx\/blog\/\">Ver todos<\/a><\/li><li><a href=\"http:\/\/avdrones.mx\/blog-tips\/\">Tips<\/a><\/li><li><a href=\"http:\/\/avdrones.mx\/blog-tecnologia\/\">Tecnolog\u00eda<\/a><\/li><li><a style=\"color: grey;\" href=\"http:\/\/avdrones.mx\/blog-lugares\/\">Lugares<\/a><\/li><\/ul><\/div>\n\t\t\t\t<\/div>\n\t\t\t\t<\/div>\n\t\t\t\t\t\t<\/div>\n\t\t\t<\/div>\n\t\t<\/div>\n\t\t\t\t\t\t<\/div>\n\t\t\t<\/div>\n\t\t<\/section>\n\t\t\t\t<section class=\"elementor-element elementor-element-cbc7b32 elementor-section-boxed elementor-section-height-default elementor-section-height-default elementor-section elementor-top-section\" data-id=\"cbc7b32\" data-element_type=\"section\">\n\t\t\t\t\t\t<div class=\"elementor-container elementor-column-gap-default\">\n\t\t\t\t<div class=\"elementor-row\">\n\t\t\t\t<div class=\"elementor-element elementor-element-ce1dd7a elementor-column elementor-col-100 elementor-top-column\" data-id=\"ce1dd7a\" data-element_type=\"column\">\n\t\t\t<div class=\"elementor-column-wrap  elementor-element-populated\">\n\t\t\t\t\t<div class=\"elementor-widget-wrap\">\n\t\t\t\t<div class=\"elementor-element elementor-element-158b12f elementor-widget elementor-widget-spacer\" data-id=\"158b12f\" data-element_type=\"widget\" data-widget_type=\"spacer.default\">\n\t\t\t\t<div class=\"elementor-widget-container\">\n\t\t\t\t\t<div class=\"elementor-spacer\">\n\t\t\t<div class=\"elementor-spacer-inner\"><\/div>\n\t\t<\/div>\n\t\t\t\t<\/div>\n\t\t\t\t<\/div>\n\t\t\t\t\t\t<\/div>\n\t\t\t<\/div>\n\t\t<\/div>\n\t\t\t\t\t\t<\/div>\n\t\t\t<\/div>\n\t\t<\/section>\n\t\t\t\t<section class=\"elementor-element elementor-element-2599591 elementor-section-boxed elementor-section-height-default elementor-section-height-default elementor-section elementor-top-section\" data-id=\"2599591\" data-element_type=\"section\">\n\t\t\t\t\t\t<div class=\"elementor-container elementor-column-gap-default\">\n\t\t\t\t<div class=\"elementor-row\">\n\t\t\t\t<div class=\"elementor-element elementor-element-a016946 elementor-column elementor-col-100 elementor-top-column\" data-id=\"a016946\" data-element_type=\"column\">\n\t\t\t<div class=\"elementor-column-wrap  elementor-element-populated\">\n\t\t\t\t\t<div class=\"elementor-widget-wrap\">\n\t\t\t\t<div class=\"elementor-element elementor-element-efafcb1 elementor-widget elementor-widget-text-editor\" data-id=\"efafcb1\" data-element_type=\"widget\" data-widget_type=\"text-editor.default\">\n\t\t\t\t<div class=\"elementor-widget-container\">\n\t\t\t\t\t<div class=\"elementor-text-editor elementor-clearfix\"><div class=\"pt-cv-wrapper\"><div class=\"pt-cv-view pt-cv-grid pt-cv-colsys\" id=\"pt-cv-view-ad2b532dz9\"><div data-id=\"pt-cv-page-1\" class=\"pt-cv-page\" data-cvc=\"2\"><div class=\"col-md-6 col-sm-6 col-xs-12 pt-cv-content-item pt-cv-1-col\" ><div class='pt-cv-ifield'><a href=\"https:\/\/avdrones.mx\/en\/2019\/05\/12\/nevado-de-toluca-en-dron\/\" class=\"_self pt-cv-href-thumbnail pt-cv-thumb-default\" target=\"_self\"><img width=\"300\" height=\"300\" src=\"https:\/\/avdrones.mx\/wp-content\/uploads\/2019\/05\/blog1-300x300.jpg\" class=\"pt-cv-thumbnail\" alt=\"\" loading=\"lazy\" srcset=\"https:\/\/avdrones.mx\/wp-content\/uploads\/2019\/05\/blog1-300x300.jpg 300w, https:\/\/avdrones.mx\/wp-content\/uploads\/2019\/05\/blog1-150x150.jpg 150w, https:\/\/avdrones.mx\/wp-content\/uploads\/2019\/05\/blog1-768x768.jpg 768w, https:\/\/avdrones.mx\/wp-content\/uploads\/2019\/05\/blog1-324x324.jpg 324w, https:\/\/avdrones.mx\/wp-content\/uploads\/2019\/05\/blog1-416x416.jpg 416w, https:\/\/avdrones.mx\/wp-content\/uploads\/2019\/05\/blog1-100x100.jpg 100w, https:\/\/avdrones.mx\/wp-content\/uploads\/2019\/05\/blog1.jpg 925w\" sizes=\"(max-width: 300px) 100vw, 300px\" \/><\/a>\n<h4 class=\"pt-cv-title\"><a href=\"https:\/\/avdrones.mx\/en\/2019\/05\/12\/nevado-de-toluca-en-dron\/\" class=\"_self\" target=\"_self\">Nevado de Toluca in Drone<\/a><\/h4>\n<div class=\"pt-cv-content\">NEVADO DE TOLUCA Conocido tambi\u00e9n como Xinant\u00e9catl, que significa \u201cHombre desnudo\u201d en lengua mixteca. Es el cuarto pico m\u00e1s alto &#8230;<br \/><a href=\"https:\/\/avdrones.mx\/en\/2019\/05\/12\/nevado-de-toluca-en-dron\/\" class=\"_self pt-cv-readmore btn btn-success\" target=\"_self\">Leer M\u00e1s<\/a><\/div><\/div><\/div>\n<div class=\"col-md-6 col-sm-6 col-xs-12 pt-cv-content-item pt-cv-1-col\" ><div class='pt-cv-ifield'><a href=\"https:\/\/avdrones.mx\/en\/2019\/05\/20\/drones-y-medio-ambiente\/\" class=\"_self pt-cv-href-thumbnail pt-cv-thumb-default\" target=\"_self\"><img width=\"300\" height=\"225\" src=\"https:\/\/avdrones.mx\/wp-content\/uploads\/2019\/05\/medio_ambiente_front-300x225.png\" class=\"pt-cv-thumbnail\" alt=\"\" loading=\"lazy\" srcset=\"https:\/\/avdrones.mx\/wp-content\/uploads\/2019\/05\/medio_ambiente_front-300x225.png 300w, https:\/\/avdrones.mx\/wp-content\/uploads\/2019\/05\/medio_ambiente_front-768x576.png 768w, https:\/\/avdrones.mx\/wp-content\/uploads\/2019\/05\/medio_ambiente_front-416x312.png 416w, https:\/\/avdrones.mx\/wp-content\/uploads\/2019\/05\/medio_ambiente_front.png 925w\" sizes=\"(max-width: 300px) 100vw, 300px\" \/><\/a>\n<h4 class=\"pt-cv-title\"><a href=\"https:\/\/avdrones.mx\/en\/2019\/05\/20\/drones-y-medio-ambiente\/\" class=\"_self\" target=\"_self\">Drones and Environment<\/a><\/h4>\n<div class=\"pt-cv-content\">DRONES Y MEDIO AMBIENTE En los \u00faltimos 15 a\u00f1os ha aumentado el uso de drones para el monitoreo de la &#8230;<br \/><a href=\"https:\/\/avdrones.mx\/en\/2019\/05\/20\/drones-y-medio-ambiente\/\" class=\"_self pt-cv-readmore btn btn-success\" target=\"_self\">Leer M\u00e1s<\/a><\/div><\/div><\/div>\n<div class=\"col-md-6 col-sm-6 col-xs-12 pt-cv-content-item pt-cv-1-col\" ><div class='pt-cv-ifield'><a href=\"https:\/\/avdrones.mx\/en\/2019\/05\/20\/faro-cancun-en-dron\/\" class=\"_self pt-cv-href-thumbnail pt-cv-thumb-default\" target=\"_self\"><img width=\"300\" height=\"300\" src=\"https:\/\/avdrones.mx\/wp-content\/uploads\/2019\/03\/201705_13-300x300.jpg\" class=\"pt-cv-thumbnail\" alt=\"\" loading=\"lazy\" srcset=\"https:\/\/avdrones.mx\/wp-content\/uploads\/2019\/03\/201705_13-300x300.jpg 300w, https:\/\/avdrones.mx\/wp-content\/uploads\/2019\/03\/201705_13-150x150.jpg 150w, https:\/\/avdrones.mx\/wp-content\/uploads\/2019\/03\/201705_13-768x768.jpg 768w, https:\/\/avdrones.mx\/wp-content\/uploads\/2019\/03\/201705_13-1024x1024.jpg 1024w, https:\/\/avdrones.mx\/wp-content\/uploads\/2019\/03\/201705_13-324x324.jpg 324w, https:\/\/avdrones.mx\/wp-content\/uploads\/2019\/03\/201705_13-416x416.jpg 416w, https:\/\/avdrones.mx\/wp-content\/uploads\/2019\/03\/201705_13-100x100.jpg 100w, https:\/\/avdrones.mx\/wp-content\/uploads\/2019\/03\/201705_13.jpg 1080w\" sizes=\"(max-width: 300px) 100vw, 300px\" \/><\/a>\n<h4 class=\"pt-cv-title\"><a href=\"https:\/\/avdrones.mx\/en\/2019\/05\/20\/faro-cancun-en-dron\/\" class=\"_self\" target=\"_self\">Faro Cancun in Drone<\/a><\/h4>\n<div class=\"pt-cv-content\">FARO CANC\u00daN En la actualidad, el uso de los faros es casi obsoleto gracias al uso de sistemas de navegaci\u00f3n &#8230;<br \/><a href=\"https:\/\/avdrones.mx\/en\/2019\/05\/20\/faro-cancun-en-dron\/\" class=\"_self pt-cv-readmore btn btn-success\" target=\"_self\">Leer M\u00e1s<\/a><\/div><\/div><\/div>\n<div class=\"col-md-6 col-sm-6 col-xs-12 pt-cv-content-item pt-cv-1-col\" ><div class='pt-cv-ifield'><a href=\"https:\/\/avdrones.mx\/en\/2019\/05\/20\/que-es-un-dron\/\" class=\"_self pt-cv-href-thumbnail pt-cv-thumb-default\" target=\"_self\"><img width=\"300\" height=\"206\" src=\"https:\/\/avdrones.mx\/wp-content\/uploads\/2019\/05\/dron_sobre_el_agua-300x206.png\" class=\"pt-cv-thumbnail\" alt=\"\" loading=\"lazy\" srcset=\"https:\/\/avdrones.mx\/wp-content\/uploads\/2019\/05\/dron_sobre_el_agua-300x206.png 300w, https:\/\/avdrones.mx\/wp-content\/uploads\/2019\/05\/dron_sobre_el_agua-768x527.png 768w, https:\/\/avdrones.mx\/wp-content\/uploads\/2019\/05\/dron_sobre_el_agua-416x286.png 416w, https:\/\/avdrones.mx\/wp-content\/uploads\/2019\/05\/dron_sobre_el_agua.png 925w\" sizes=\"(max-width: 300px) 100vw, 300px\" \/><\/a>\n<h4 class=\"pt-cv-title\"><a href=\"https:\/\/avdrones.mx\/en\/2019\/05\/20\/que-es-un-dron\/\" class=\"_self\" target=\"_self\">What is a drone?<\/a><\/h4>\n<div class=\"pt-cv-content\">Un dron es un veh\u00edculo a\u00e9reo no tripulado. Su nombre se deriva del ingl\u00e9s drone, que en espa\u00f1ol se traduce &#8230;<br \/><a href=\"https:\/\/avdrones.mx\/en\/2019\/05\/20\/que-es-un-dron\/\" class=\"_self pt-cv-readmore btn btn-success\" target=\"_self\">Leer M\u00e1s<\/a><\/div><\/div><\/div>\n<div class=\"col-md-6 col-sm-6 col-xs-12 pt-cv-content-item pt-cv-1-col\" ><div class='pt-cv-ifield'><a href=\"https:\/\/avdrones.mx\/en\/2019\/05\/20\/uso-frecuente-drones\/\" class=\"_self pt-cv-href-thumbnail pt-cv-thumb-default\" target=\"_self\"><img width=\"300\" height=\"133\" src=\"https:\/\/avdrones.mx\/wp-content\/uploads\/2019\/03\/home_1_descripci\u00f3n-300x133.jpg\" class=\"pt-cv-thumbnail\" alt=\"\" loading=\"lazy\" srcset=\"https:\/\/avdrones.mx\/wp-content\/uploads\/2019\/03\/home_1_descripci\u00f3n-300x133.jpg 300w, https:\/\/avdrones.mx\/wp-content\/uploads\/2019\/03\/home_1_descripci\u00f3n-768x340.jpg 768w, https:\/\/avdrones.mx\/wp-content\/uploads\/2019\/03\/home_1_descripci\u00f3n-1024x453.jpg 1024w, https:\/\/avdrones.mx\/wp-content\/uploads\/2019\/03\/home_1_descripci\u00f3n-416x184.jpg 416w\" sizes=\"(max-width: 300px) 100vw, 300px\" \/><\/a>\n<h4 class=\"pt-cv-title\"><a href=\"https:\/\/avdrones.mx\/en\/2019\/05\/20\/uso-frecuente-drones\/\" class=\"_self\" target=\"_self\">Most frequent uses of Drones<\/a><\/h4>\n<div class=\"pt-cv-content\">Nos gusta estar actualizados y al d\u00eda con la tecnolog\u00eda, siempre buscamos la aplicaci\u00f3n m\u00e1s pr\u00e1ctica y novedosa para todo &#8230;<br \/><a href=\"https:\/\/avdrones.mx\/en\/2019\/05\/20\/uso-frecuente-drones\/\" class=\"_self pt-cv-readmore btn btn-success\" target=\"_self\">Leer M\u00e1s<\/a><\/div><\/div><\/div>\n<div class=\"col-md-6 col-sm-6 col-xs-12 pt-cv-content-item pt-cv-1-col\" ><div class='pt-cv-ifield'><a href=\"https:\/\/avdrones.mx\/en\/2019\/05\/20\/ventajas-drones\/\" class=\"_self pt-cv-href-thumbnail pt-cv-thumb-default\" target=\"_self\"><img width=\"300\" height=\"258\" src=\"https:\/\/avdrones.mx\/wp-content\/uploads\/2019\/03\/grey_kid_bike-300x258.png\" class=\"pt-cv-thumbnail\" alt=\"\" loading=\"lazy\" srcset=\"https:\/\/avdrones.mx\/wp-content\/uploads\/2019\/03\/grey_kid_bike-300x258.png 300w, https:\/\/avdrones.mx\/wp-content\/uploads\/2019\/03\/grey_kid_bike-416x358.png 416w, https:\/\/avdrones.mx\/wp-content\/uploads\/2019\/03\/grey_kid_bike.png 642w\" sizes=\"(max-width: 300px) 100vw, 300px\" \/><\/a>\n<h4 class=\"pt-cv-title\"><a href=\"https:\/\/avdrones.mx\/en\/2019\/05\/20\/ventajas-drones\/\" class=\"_self\" target=\"_self\">Advantages of the drones<\/a><\/h4>\n<div class=\"pt-cv-content\">Los drones son una tecnolog\u00eda vanguardista y al alcance de nuestras manos que han ganado mucha popularidad en los \u00faltimos &#8230;<br \/><a href=\"https:\/\/avdrones.mx\/en\/2019\/05\/20\/ventajas-drones\/\" class=\"_self pt-cv-readmore btn btn-success\" target=\"_self\">Leer M\u00e1s<\/a><\/div><\/div><\/div><\/div><\/div>\n<div class=\"pt-cv-pagination-wrapper\"><ul class=\"pt-cv-pagination pt-cv-normal pagination\" data-totalpages=\"2\" data-currentpage=\"1\" data-sid=\"ad2b532dz9\" data-unid=\"\"><li class=\"active\"><a href=\"#\">1<\/a><\/li>\n\t<li ><a class=\"\" href=\"https:\/\/avdrones.mx\/en\/wp-json\/wp\/v2\/pages\/2\/\">2<\/a><\/li>\n\t<li ><a class=\"\" href=\"https:\/\/avdrones.mx\/en\/wp-json\/wp\/v2\/pages\/2\/\">&rsaquo;<\/a><\/li>\n\t<\/ul><img loading=\"lazy\" width=\"15\" height=\"15\" class=\"pt-cv-spinner\" alt=\"Loading...\" src=\"data:image\/gif;base64,R0lGODlhDwAPALMPAMrKygwMDJOTkz09PZWVla+vr3p6euTk5M7OzuXl5TMzMwAAAJmZmWZmZszMzP\/\/\/yH\/C05FVFNDQVBFMi4wAwEAAAAh+QQFCgAPACwAAAAADwAPAAAEQvDJaZaZOIcV8iQK8VRX4iTYoAwZ4iCYoAjZ4RxejhVNoT+mRGP4cyF4Pp0N98sBGIBMEMOotl6YZ3S61Bmbkm4mAgAh+QQFCgAPACwAAAAADQANAAAENPDJSRSZeA418itN8QiK8BiLITVsFiyBBIoYqnoewAD4xPw9iY4XLGYSjkQR4UAUD45DLwIAIfkEBQoADwAsAAAAAA8ACQAABC\/wyVlamTi3nSdgwFNdhEJgTJoNyoB9ISYoQmdjiZPcj7EYCAeCF1gEDo4Dz2eIAAAh+QQFCgAPACwCAAAADQANAAAEM\/DJBxiYeLKdX3IJZT1FU0iIg2RNKx3OkZVnZ98ToRD4MyiDnkAh6BkNC0MvsAj0kMpHBAAh+QQFCgAPACwGAAAACQAPAAAEMDC59KpFDll73HkAA2wVY5KgiK5b0RRoI6MuzG6EQqCDMlSGheEhUAgqgUUAFRySIgAh+QQFCgAPACwCAAIADQANAAAEM\/DJKZNLND\/kkKaHc3xk+QAMYDKsiaqmZCxGVjSFFCxB1vwy2oOgIDxuucxAMTAJFAJNBAAh+QQFCgAPACwAAAYADwAJAAAEMNAs86q1yaWwwv2Ig0jUZx3OYa4XoRAfwADXoAwfo1+CIjyFRuEho60aSNYlOPxEAAAh+QQFCgAPACwAAAIADQANAAAENPA9s4y8+IUVcqaWJ4qEQozSoAzoIyhCK2NFU2SJk0hNnyEOhKR2AzAAj4Pj4GE4W0bkJQIAOw==\" \/><div class=\"clear pt-cv-clear-pagination\"><\/div><\/div><\/div><ul id=\"menu\"><\/ul><\/div>\n\t\t\t\t<\/div>\n\t\t\t\t<\/div>\n\t\t\t\t\t\t<\/div>\n\t\t\t<\/div>\n\t\t<\/div>\n\t\t\t\t\t\t<\/div>\n\t\t\t<\/div>\n\t\t<\/section>\n\t\t\t\t\t\t<\/div>\n\t\t\t<\/div>\n\t\t<\/div>","protected":false},"excerpt":{"rendered":"<p>Ver todos Tips Tecnolog\u00eda Lugares<\/p>","protected":false},"author":1,"featured_media":0,"parent":0,"menu_order":0,"comment_status":"closed","ping_status":"closed","template":"","meta":[],"_links":{"self":[{"href":"https:\/\/avdrones.mx\/en\/wp-json\/wp\/v2\/pages\/944"}],"collection":[{"href":"https:\/\/avdrones.mx\/en\/wp-json\/wp\/v2\/pages"}],"about":[{"href":"https:\/\/avdrones.mx\/en\/wp-json\/wp\/v2\/types\/page"}],"author":[{"embeddable":true,"href":"https:\/\/avdrones.mx\/en\/wp-json\/wp\/v2\/users\/1"}],"replies":[{"embeddable":true,"href":"https:\/\/avdrones.mx\/en\/wp-json\/wp\/v2\/comments?post=944"}],"version-history":[{"count":5,"href":"https:\/\/avdrones.mx\/en\/wp-json\/wp\/v2\/pages\/944\/revisions"}],"predecessor-version":[{"id":1319,"href":"https:\/\/avdrones.mx\/en\/wp-json\/wp\/v2\/pages\/944\/revisions\/1319"}],"wp:attachment":[{"href":"https:\/\/avdrones.mx\/en\/wp-json\/wp\/v2\/media?parent=944"}],"curies":[{"name":"wp","href":"https:\/\/api.w.org\/{rel}","templated":true}]}}