{"id":941,"date":"2019-05-24T00:23:40","date_gmt":"2019-05-24T00:23:40","guid":{"rendered":"https:\/\/avdrones.dotrs.com.mx\/blog-tips-copy\/"},"modified":"2019-09-26T12:54:29","modified_gmt":"2019-09-26T12:54:29","slug":"blog-tecnologia","status":"publish","type":"page","link":"https:\/\/avdrones.mx\/en\/blog-tecnologia\/","title":{"rendered":"Tecnolog\u00eda"},"content":{"rendered":"<div data-elementor-type=\"post\" data-elementor-id=\"941\" class=\"elementor elementor-941\" data-elementor-settings=\"[]\">\n\t\t\t<div class=\"elementor-inner\">\n\t\t\t\t<div class=\"elementor-section-wrap\">\n\t\t\t\t\t\t\t<section class=\"elementor-element elementor-element-18fb5d2b elementor-section-boxed elementor-section-height-default elementor-section-height-default elementor-section elementor-top-section\" data-id=\"18fb5d2b\" data-element_type=\"section\">\n\t\t\t\t\t\t<div class=\"elementor-container elementor-column-gap-default\">\n\t\t\t\t<div class=\"elementor-row\">\n\t\t\t\t<div class=\"elementor-element elementor-element-7d5b47dd elementor-column elementor-col-100 elementor-top-column\" data-id=\"7d5b47dd\" data-element_type=\"column\">\n\t\t\t<div class=\"elementor-column-wrap  elementor-element-populated\">\n\t\t\t\t\t<div class=\"elementor-widget-wrap\">\n\t\t\t\t<div class=\"elementor-element elementor-element-6f6b13f1 elementor-widget elementor-widget-text-editor\" data-id=\"6f6b13f1\" data-element_type=\"widget\" data-widget_type=\"text-editor.default\">\n\t\t\t\t<div class=\"elementor-widget-container\">\n\t\t\t\t\t<div class=\"elementor-text-editor elementor-clearfix\"><p><!--style><br \/>\nul#menu li {display:inline;padding-left: 3em;}<br \/>\nul#menu li a{text-decoration: none;}<br \/>\n<\/style>\n<p>--><\/p><ul id=\"menu\"><li><a href=\" http:\/\/avdrones.mx\/blog\/\">Ver todos<\/a><\/li><li><a href=\"http:\/\/avdrones.mx\/blog-tips\/\">Tips<\/a><\/li><li><a style=\"color: grey;\" href=\"http:\/\/avdrones.mx\/blog-tecnologia\/\">Tecnolog\u00eda<\/a><\/li><li><a href=\"http:\/\/avdrones.mx\/blog-lugares\/\">Lugares<\/a><\/li><\/ul><\/div>\n\t\t\t\t<\/div>\n\t\t\t\t<\/div>\n\t\t\t\t\t\t<\/div>\n\t\t\t<\/div>\n\t\t<\/div>\n\t\t\t\t\t\t<\/div>\n\t\t\t<\/div>\n\t\t<\/section>\n\t\t\t\t<section class=\"elementor-element elementor-element-cbc7b32 elementor-section-boxed elementor-section-height-default elementor-section-height-default elementor-section elementor-top-section\" data-id=\"cbc7b32\" data-element_type=\"section\">\n\t\t\t\t\t\t<div class=\"elementor-container elementor-column-gap-default\">\n\t\t\t\t<div class=\"elementor-row\">\n\t\t\t\t<div class=\"elementor-element elementor-element-ce1dd7a elementor-column elementor-col-100 elementor-top-column\" data-id=\"ce1dd7a\" data-element_type=\"column\">\n\t\t\t<div class=\"elementor-column-wrap  elementor-element-populated\">\n\t\t\t\t\t<div class=\"elementor-widget-wrap\">\n\t\t\t\t<div class=\"elementor-element elementor-element-158b12f elementor-widget elementor-widget-spacer\" data-id=\"158b12f\" data-element_type=\"widget\" data-widget_type=\"spacer.default\">\n\t\t\t\t<div class=\"elementor-widget-container\">\n\t\t\t\t\t<div class=\"elementor-spacer\">\n\t\t\t<div class=\"elementor-spacer-inner\"><\/div>\n\t\t<\/div>\n\t\t\t\t<\/div>\n\t\t\t\t<\/div>\n\t\t\t\t\t\t<\/div>\n\t\t\t<\/div>\n\t\t<\/div>\n\t\t\t\t\t\t<\/div>\n\t\t\t<\/div>\n\t\t<\/section>\n\t\t\t\t<section class=\"elementor-element elementor-element-2599591 elementor-section-boxed elementor-section-height-default elementor-section-height-default elementor-section elementor-top-section\" data-id=\"2599591\" data-element_type=\"section\">\n\t\t\t\t\t\t<div class=\"elementor-container elementor-column-gap-default\">\n\t\t\t\t<div class=\"elementor-row\">\n\t\t\t\t<div class=\"elementor-element elementor-element-a016946 elementor-column elementor-col-100 elementor-top-column\" data-id=\"a016946\" data-element_type=\"column\">\n\t\t\t<div class=\"elementor-column-wrap  elementor-element-populated\">\n\t\t\t\t\t<div class=\"elementor-widget-wrap\">\n\t\t\t\t<div class=\"elementor-element elementor-element-efafcb1 elementor-widget elementor-widget-text-editor\" data-id=\"efafcb1\" data-element_type=\"widget\" data-widget_type=\"text-editor.default\">\n\t\t\t\t<div class=\"elementor-widget-container\">\n\t\t\t\t\t<div class=\"elementor-text-editor elementor-clearfix\"><div class=\"pt-cv-wrapper\"><div class=\"pt-cv-view pt-cv-grid pt-cv-colsys\" id=\"pt-cv-view-85593316ub\"><div data-id=\"pt-cv-page-1\" class=\"pt-cv-page\" data-cvc=\"2\"><div class=\"col-md-6 col-sm-6 col-xs-12 pt-cv-content-item pt-cv-1-col\" ><div class='pt-cv-ifield'><a href=\"https:\/\/avdrones.mx\/en\/2019\/05\/20\/que-es-un-dron\/\" class=\"_self pt-cv-href-thumbnail pt-cv-thumb-default\" target=\"_self\"><img width=\"300\" height=\"206\" src=\"https:\/\/avdrones.mx\/wp-content\/uploads\/2019\/05\/dron_sobre_el_agua-300x206.png\" class=\"pt-cv-thumbnail\" alt=\"\" loading=\"lazy\" srcset=\"https:\/\/avdrones.mx\/wp-content\/uploads\/2019\/05\/dron_sobre_el_agua-300x206.png 300w, https:\/\/avdrones.mx\/wp-content\/uploads\/2019\/05\/dron_sobre_el_agua-768x527.png 768w, https:\/\/avdrones.mx\/wp-content\/uploads\/2019\/05\/dron_sobre_el_agua-416x286.png 416w, https:\/\/avdrones.mx\/wp-content\/uploads\/2019\/05\/dron_sobre_el_agua.png 925w\" sizes=\"(max-width: 300px) 100vw, 300px\" \/><\/a>\n<h4 class=\"pt-cv-title\"><a href=\"https:\/\/avdrones.mx\/en\/2019\/05\/20\/que-es-un-dron\/\" class=\"_self\" target=\"_self\">What is a drone?<\/a><\/h4>\n<div class=\"pt-cv-content\">Un dron es un veh\u00edculo a\u00e9reo no tripulado. Su nombre se deriva del ingl\u00e9s drone, que en espa\u00f1ol se traduce &#8230;<br \/><a href=\"https:\/\/avdrones.mx\/en\/2019\/05\/20\/que-es-un-dron\/\" class=\"_self pt-cv-readmore btn btn-success\" target=\"_self\">Leer M\u00e1s<\/a><\/div><\/div><\/div><\/div><\/div><\/div><ul id=\"menu\"><\/ul><\/div>\n\t\t\t\t<\/div>\n\t\t\t\t<\/div>\n\t\t\t\t\t\t<\/div>\n\t\t\t<\/div>\n\t\t<\/div>\n\t\t\t\t\t\t<\/div>\n\t\t\t<\/div>\n\t\t<\/section>\n\t\t\t\t\t\t<\/div>\n\t\t\t<\/div>\n\t\t<\/div>","protected":false},"excerpt":{"rendered":"<p>Ver todos Tips Tecnolog\u00eda Lugares<\/p>","protected":false},"author":1,"featured_media":0,"parent":0,"menu_order":0,"comment_status":"closed","ping_status":"closed","template":"","meta":[],"_links":{"self":[{"href":"https:\/\/avdrones.mx\/en\/wp-json\/wp\/v2\/pages\/941"}],"collection":[{"href":"https:\/\/avdrones.mx\/en\/wp-json\/wp\/v2\/pages"}],"about":[{"href":"https:\/\/avdrones.mx\/en\/wp-json\/wp\/v2\/types\/page"}],"author":[{"embeddable":true,"href":"https:\/\/avdrones.mx\/en\/wp-json\/wp\/v2\/users\/1"}],"replies":[{"embeddable":true,"href":"https:\/\/avdrones.mx\/en\/wp-json\/wp\/v2\/comments?post=941"}],"version-history":[{"count":4,"href":"https:\/\/avdrones.mx\/en\/wp-json\/wp\/v2\/pages\/941\/revisions"}],"predecessor-version":[{"id":1317,"href":"https:\/\/avdrones.mx\/en\/wp-json\/wp\/v2\/pages\/941\/revisions\/1317"}],"wp:attachment":[{"href":"https:\/\/avdrones.mx\/en\/wp-json\/wp\/v2\/media?parent=941"}],"curies":[{"name":"wp","href":"https:\/\/api.w.org\/{rel}","templated":true}]}}