{"id":936,"date":"2019-05-24T00:19:28","date_gmt":"2019-05-24T00:19:28","guid":{"rendered":"https:\/\/avdrones.dotrs.com.mx\/blog-copy\/"},"modified":"2019-09-26T12:55:42","modified_gmt":"2019-09-26T12:55:42","slug":"blog-tips","status":"publish","type":"page","link":"https:\/\/avdrones.mx\/en\/blog-tips\/","title":{"rendered":"Tips"},"content":{"rendered":"<div data-elementor-type=\"post\" data-elementor-id=\"936\" class=\"elementor elementor-936\" data-elementor-settings=\"[]\">\n\t\t\t<div class=\"elementor-inner\">\n\t\t\t\t<div class=\"elementor-section-wrap\">\n\t\t\t\t\t\t\t<section class=\"elementor-element elementor-element-18fb5d2b elementor-section-boxed elementor-section-height-default elementor-section-height-default elementor-section elementor-top-section\" data-id=\"18fb5d2b\" data-element_type=\"section\">\n\t\t\t\t\t\t<div class=\"elementor-container elementor-column-gap-default\">\n\t\t\t\t<div class=\"elementor-row\">\n\t\t\t\t<div class=\"elementor-element elementor-element-7d5b47dd elementor-column elementor-col-100 elementor-top-column\" data-id=\"7d5b47dd\" data-element_type=\"column\">\n\t\t\t<div class=\"elementor-column-wrap  elementor-element-populated\">\n\t\t\t\t\t<div class=\"elementor-widget-wrap\">\n\t\t\t\t<div class=\"elementor-element elementor-element-6f6b13f1 elementor-widget elementor-widget-text-editor\" data-id=\"6f6b13f1\" data-element_type=\"widget\" data-widget_type=\"text-editor.default\">\n\t\t\t\t<div class=\"elementor-widget-container\">\n\t\t\t\t\t<div class=\"elementor-text-editor elementor-clearfix\"><p><!--style><br \/>\nul#menu li {display:inline;padding-left: 3em;}<br \/>\nul#menu li a{text-decoration: none;}<br \/>\n<\/style>\n<p>--><\/p><ul id=\"menu\"><li><a href=\" http:\/\/avdrones.mx\/blog\/\">Ver todos<\/a><\/li><li><a style=\"color: grey;\" href=\"http:\/\/avdrones.mx\/blog-tips\/\">Tips<\/a><\/li><li><a href=\"http:\/\/avdrones.mx\/blog-tecnologia\/\">Tecnolog\u00eda<\/a><\/li><li><a href=\"http:\/\/avdrones.mx\/blog-lugares\/\">Lugares<\/a><\/li><\/ul><\/div>\n\t\t\t\t<\/div>\n\t\t\t\t<\/div>\n\t\t\t\t\t\t<\/div>\n\t\t\t<\/div>\n\t\t<\/div>\n\t\t\t\t\t\t<\/div>\n\t\t\t<\/div>\n\t\t<\/section>\n\t\t\t\t<section class=\"elementor-element elementor-element-cbc7b32 elementor-section-boxed elementor-section-height-default elementor-section-height-default elementor-section elementor-top-section\" data-id=\"cbc7b32\" data-element_type=\"section\">\n\t\t\t\t\t\t<div class=\"elementor-container elementor-column-gap-default\">\n\t\t\t\t<div class=\"elementor-row\">\n\t\t\t\t<div class=\"elementor-element elementor-element-ce1dd7a elementor-column elementor-col-100 elementor-top-column\" data-id=\"ce1dd7a\" data-element_type=\"column\">\n\t\t\t<div class=\"elementor-column-wrap  elementor-element-populated\">\n\t\t\t\t\t<div class=\"elementor-widget-wrap\">\n\t\t\t\t<div class=\"elementor-element elementor-element-158b12f elementor-widget elementor-widget-spacer\" data-id=\"158b12f\" data-element_type=\"widget\" data-widget_type=\"spacer.default\">\n\t\t\t\t<div class=\"elementor-widget-container\">\n\t\t\t\t\t<div class=\"elementor-spacer\">\n\t\t\t<div class=\"elementor-spacer-inner\"><\/div>\n\t\t<\/div>\n\t\t\t\t<\/div>\n\t\t\t\t<\/div>\n\t\t\t\t\t\t<\/div>\n\t\t\t<\/div>\n\t\t<\/div>\n\t\t\t\t\t\t<\/div>\n\t\t\t<\/div>\n\t\t<\/section>\n\t\t\t\t<section class=\"elementor-element elementor-element-2599591 elementor-section-boxed elementor-section-height-default elementor-section-height-default elementor-section elementor-top-section\" data-id=\"2599591\" data-element_type=\"section\">\n\t\t\t\t\t\t<div class=\"elementor-container elementor-column-gap-default\">\n\t\t\t\t<div class=\"elementor-row\">\n\t\t\t\t<div class=\"elementor-element elementor-element-a016946 elementor-column elementor-col-100 elementor-top-column\" data-id=\"a016946\" data-element_type=\"column\">\n\t\t\t<div class=\"elementor-column-wrap  elementor-element-populated\">\n\t\t\t\t\t<div class=\"elementor-widget-wrap\">\n\t\t\t\t<div class=\"elementor-element elementor-element-efafcb1 elementor-widget elementor-widget-text-editor\" data-id=\"efafcb1\" data-element_type=\"widget\" data-widget_type=\"text-editor.default\">\n\t\t\t\t<div class=\"elementor-widget-container\">\n\t\t\t\t\t<div class=\"elementor-text-editor elementor-clearfix\"><div class=\"pt-cv-wrapper\"><div class=\"pt-cv-view pt-cv-grid pt-cv-colsys\" id=\"pt-cv-view-8b7d00682d\"><div data-id=\"pt-cv-page-1\" class=\"pt-cv-page\" data-cvc=\"2\"><div class=\"col-md-6 col-sm-6 col-xs-12 pt-cv-content-item pt-cv-1-col\" ><div class='pt-cv-ifield'><a href=\"https:\/\/avdrones.mx\/en\/2019\/05\/20\/uso-frecuente-drones\/\" class=\"_self pt-cv-href-thumbnail pt-cv-thumb-default\" target=\"_self\"><img width=\"300\" height=\"133\" src=\"https:\/\/avdrones.mx\/wp-content\/uploads\/2019\/03\/home_1_descripci\u00f3n-300x133.jpg\" class=\"pt-cv-thumbnail\" alt=\"\" loading=\"lazy\" srcset=\"https:\/\/avdrones.mx\/wp-content\/uploads\/2019\/03\/home_1_descripci\u00f3n-300x133.jpg 300w, https:\/\/avdrones.mx\/wp-content\/uploads\/2019\/03\/home_1_descripci\u00f3n-768x340.jpg 768w, https:\/\/avdrones.mx\/wp-content\/uploads\/2019\/03\/home_1_descripci\u00f3n-1024x453.jpg 1024w, https:\/\/avdrones.mx\/wp-content\/uploads\/2019\/03\/home_1_descripci\u00f3n-416x184.jpg 416w\" sizes=\"(max-width: 300px) 100vw, 300px\" \/><\/a>\n<h4 class=\"pt-cv-title\"><a href=\"https:\/\/avdrones.mx\/en\/2019\/05\/20\/uso-frecuente-drones\/\" class=\"_self\" target=\"_self\">Most frequent uses of Drones<\/a><\/h4>\n<div class=\"pt-cv-content\">Nos gusta estar actualizados y al d\u00eda con la tecnolog\u00eda, siempre buscamos la aplicaci\u00f3n m\u00e1s pr\u00e1ctica y novedosa para todo &#8230;<br \/><a href=\"https:\/\/avdrones.mx\/en\/2019\/05\/20\/uso-frecuente-drones\/\" class=\"_self pt-cv-readmore btn btn-success\" target=\"_self\">Leer M\u00e1s<\/a><\/div><\/div><\/div>\n<div class=\"col-md-6 col-sm-6 col-xs-12 pt-cv-content-item pt-cv-1-col\" ><div class='pt-cv-ifield'><a href=\"https:\/\/avdrones.mx\/en\/2019\/05\/20\/ventajas-drones\/\" class=\"_self pt-cv-href-thumbnail pt-cv-thumb-default\" target=\"_self\"><img width=\"300\" height=\"258\" src=\"https:\/\/avdrones.mx\/wp-content\/uploads\/2019\/03\/grey_kid_bike-300x258.png\" class=\"pt-cv-thumbnail\" alt=\"\" loading=\"lazy\" srcset=\"https:\/\/avdrones.mx\/wp-content\/uploads\/2019\/03\/grey_kid_bike-300x258.png 300w, https:\/\/avdrones.mx\/wp-content\/uploads\/2019\/03\/grey_kid_bike-416x358.png 416w, https:\/\/avdrones.mx\/wp-content\/uploads\/2019\/03\/grey_kid_bike.png 642w\" sizes=\"(max-width: 300px) 100vw, 300px\" \/><\/a>\n<h4 class=\"pt-cv-title\"><a href=\"https:\/\/avdrones.mx\/en\/2019\/05\/20\/ventajas-drones\/\" class=\"_self\" target=\"_self\">Advantages of the drones<\/a><\/h4>\n<div class=\"pt-cv-content\">Los drones son una tecnolog\u00eda vanguardista y al alcance de nuestras manos que han ganado mucha popularidad en los \u00faltimos &#8230;<br \/><a href=\"https:\/\/avdrones.mx\/en\/2019\/05\/20\/ventajas-drones\/\" class=\"_self pt-cv-readmore btn btn-success\" target=\"_self\">Leer M\u00e1s<\/a><\/div><\/div><\/div>\n<div class=\"col-md-6 col-sm-6 col-xs-12 pt-cv-content-item pt-cv-1-col\" ><div class='pt-cv-ifield'><a href=\"https:\/\/avdrones.mx\/en\/2019\/05\/20\/perk-drones\/\" class=\"_self pt-cv-href-thumbnail pt-cv-thumb-default\" target=\"_self\"><img width=\"300\" height=\"169\" src=\"https:\/\/avdrones.mx\/wp-content\/uploads\/2019\/03\/if_4-300x169.png\" class=\"pt-cv-thumbnail\" alt=\"\" loading=\"lazy\" srcset=\"https:\/\/avdrones.mx\/wp-content\/uploads\/2019\/03\/if_4-300x169.png 300w, https:\/\/avdrones.mx\/wp-content\/uploads\/2019\/03\/if_4-416x234.png 416w, https:\/\/avdrones.mx\/wp-content\/uploads\/2019\/03\/if_4-768x432.png 768w, https:\/\/avdrones.mx\/wp-content\/uploads\/2019\/03\/if_4.png 927w\" sizes=\"(max-width: 300px) 100vw, 300px\" \/><\/a>\n<h4 class=\"pt-cv-title\"><a href=\"https:\/\/avdrones.mx\/en\/2019\/05\/20\/perk-drones\/\" class=\"_self\" target=\"_self\">Perks of the Drones<\/a><\/h4>\n<div class=\"pt-cv-content\">\u00a1Vivimos en una era tecnol\u00f3gica! Estamos viendo nuevas y diferentes formas de utilizar los drones, ya que facilitan operaciones tanto &#8230;<br \/><a href=\"https:\/\/avdrones.mx\/en\/2019\/05\/20\/perk-drones\/\" class=\"_self pt-cv-readmore btn btn-success\" target=\"_self\">Leer M\u00e1s<\/a><\/div><\/div><\/div>\n<div class=\"col-md-6 col-sm-6 col-xs-12 pt-cv-content-item pt-cv-1-col\" ><div class='pt-cv-ifield'><a href=\"https:\/\/avdrones.mx\/en\/2019\/05\/24\/empezar-a-volar-un-dron\/\" class=\"_self pt-cv-href-thumbnail pt-cv-thumb-default\" target=\"_self\"><img width=\"300\" height=\"200\" src=\"https:\/\/avdrones.mx\/wp-content\/uploads\/2019\/03\/galery_6-300x200.png\" class=\"pt-cv-thumbnail\" alt=\"\" loading=\"lazy\" srcset=\"https:\/\/avdrones.mx\/wp-content\/uploads\/2019\/03\/galery_6-300x200.png 300w, https:\/\/avdrones.mx\/wp-content\/uploads\/2019\/03\/galery_6-416x278.png 416w, https:\/\/avdrones.mx\/wp-content\/uploads\/2019\/03\/galery_6-768x513.png 768w, https:\/\/avdrones.mx\/wp-content\/uploads\/2019\/03\/galery_6-1024x684.png 1024w, https:\/\/avdrones.mx\/wp-content\/uploads\/2019\/03\/galery_6.png 1119w\" sizes=\"(max-width: 300px) 100vw, 300px\" \/><\/a>\n<h4 class=\"pt-cv-title\"><a href=\"https:\/\/avdrones.mx\/en\/2019\/05\/24\/empezar-a-volar-un-dron\/\" class=\"_self\" target=\"_self\">Start flying a drone<\/a><\/h4>\n<div class=\"pt-cv-content\">\u00a0Los drones se han popularizado como herramientas de trabajo, pero tambi\u00e9n como juguetes o artefactos de recreaci\u00f3n. Cualquiera que sea &#8230;<br \/><a href=\"https:\/\/avdrones.mx\/en\/2019\/05\/24\/empezar-a-volar-un-dron\/\" class=\"_self pt-cv-readmore btn btn-success\" target=\"_self\">Leer M\u00e1s<\/a><\/div><\/div><\/div><\/div><\/div><\/div><ul id=\"menu\"><\/ul><\/div>\n\t\t\t\t<\/div>\n\t\t\t\t<\/div>\n\t\t\t\t\t\t<\/div>\n\t\t\t<\/div>\n\t\t<\/div>\n\t\t\t\t\t\t<\/div>\n\t\t\t<\/div>\n\t\t<\/section>\n\t\t\t\t\t\t<\/div>\n\t\t\t<\/div>\n\t\t<\/div>","protected":false},"excerpt":{"rendered":"<p>Ver todos Tips Tecnolog\u00eda Lugares<\/p>","protected":false},"author":1,"featured_media":0,"parent":0,"menu_order":0,"comment_status":"closed","ping_status":"closed","template":"","meta":[],"_links":{"self":[{"href":"https:\/\/avdrones.mx\/en\/wp-json\/wp\/v2\/pages\/936"}],"collection":[{"href":"https:\/\/avdrones.mx\/en\/wp-json\/wp\/v2\/pages"}],"about":[{"href":"https:\/\/avdrones.mx\/en\/wp-json\/wp\/v2\/types\/page"}],"author":[{"embeddable":true,"href":"https:\/\/avdrones.mx\/en\/wp-json\/wp\/v2\/users\/1"}],"replies":[{"embeddable":true,"href":"https:\/\/avdrones.mx\/en\/wp-json\/wp\/v2\/comments?post=936"}],"version-history":[{"count":5,"href":"https:\/\/avdrones.mx\/en\/wp-json\/wp\/v2\/pages\/936\/revisions"}],"predecessor-version":[{"id":1318,"href":"https:\/\/avdrones.mx\/en\/wp-json\/wp\/v2\/pages\/936\/revisions\/1318"}],"wp:attachment":[{"href":"https:\/\/avdrones.mx\/en\/wp-json\/wp\/v2\/media?parent=936"}],"curies":[{"name":"wp","href":"https:\/\/api.w.org\/{rel}","templated":true}]}}