{"id":268,"date":"2019-03-10T21:14:32","date_gmt":"2019-03-10T21:14:32","guid":{"rendered":"https:\/\/avdrones.dotrs.com.mx\/?page_id=268"},"modified":"2019-03-10T21:26:15","modified_gmt":"2019-03-10T21:26:15","slug":"aviso-de-privacidad","status":"publish","type":"page","link":"https:\/\/avdrones.mx\/en\/aviso-de-privacidad\/","title":{"rendered":"Notice of Privacy"},"content":{"rendered":"<div data-elementor-type=\"post\" data-elementor-id=\"268\" class=\"elementor elementor-268 elementor-bc-flex-widget\" data-elementor-settings=\"[]\">\n\t\t\t<div class=\"elementor-inner\">\n\t\t\t\t<div class=\"elementor-section-wrap\">\n\t\t\t\t\t\t\t<section class=\"elementor-element elementor-element-3d2736c elementor-section-boxed elementor-section-height-default elementor-section-height-default elementor-section elementor-top-section\" data-id=\"3d2736c\" data-element_type=\"section\">\n\t\t\t\t\t\t<div class=\"elementor-container elementor-column-gap-default\">\n\t\t\t\t<div class=\"elementor-row\">\n\t\t\t\t<div class=\"elementor-element elementor-element-b28cb03 elementor-column elementor-col-100 elementor-top-column\" data-id=\"b28cb03\" data-element_type=\"column\">\n\t\t\t<div class=\"elementor-column-wrap  elementor-element-populated\">\n\t\t\t\t\t<div class=\"elementor-widget-wrap\">\n\t\t\t\t<div class=\"elementor-element elementor-element-8f58063 elementor-widget elementor-widget-spacer\" data-id=\"8f58063\" data-element_type=\"widget\" data-widget_type=\"spacer.default\">\n\t\t\t\t<div class=\"elementor-widget-container\">\n\t\t\t\t\t<div class=\"elementor-spacer\">\n\t\t\t<div class=\"elementor-spacer-inner\"><\/div>\n\t\t<\/div>\n\t\t\t\t<\/div>\n\t\t\t\t<\/div>\n\t\t\t\t<div class=\"elementor-element elementor-element-dba6a97 elementor-widget elementor-widget-text-editor\" data-id=\"dba6a97\" data-element_type=\"widget\" data-widget_type=\"text-editor.default\">\n\t\t\t\t<div class=\"elementor-widget-container\">\n\t\t\t\t\t<div class=\"elementor-text-editor elementor-clearfix\"><p><\/p>\n<p><\/p><center><p><\/p>\n<p>NOTICE OF PRIVACY<\/p>\n<p><\/p><\/center><p><\/p>\n<p>AV Drones, S.A. de C.V. (\u201cAV Drones\u201d), con domicilio ubicado en Carretera Me\u0301xico-Toluca 2822, Loft 4, Col. Lomas de Bezares, Del. Miguel Hidalgo; C.P. 11910, Ciudad de Me\u0301xico, proporciona este aviso de privacidad en cumplimiento con la Ley Federal de Proteccio\u0301n de Datos Personales en Posesio\u0301n de los Particulares publicada en el Diario Oficial de la Federacio\u0301n (\u201cDOF\u201d) el 5 de julio de 2010 (en lo sucesivo la \u201cLey\u201d), el correspondiente Reglamento publicado en el DOF el 21 de diciembre de 2011 (en lo sucesivo el \u201cReglamento\u201d) y los Lineamientos del Aviso de Privacidad publicados en el DOF el 17 de enero de 2013 (en lo sucesivo los \u201cLineamientos\u201d y conjuntamente con la Ley y el Reglamento, en lo sucesivo los \u201cOrdenamientos\u201d).<\/p>\n<p><\/p>\n<p><br><\/p>\n<p>DATOS PERSONALES PROPORCIONADOS<\/p>\n<p>AV Drones reconoce la importancia de la proteccio\u0301n de su informacio\u0301n personal, por lo que la siguiente informacio\u0301n esta\u0301 disen\u0303ada para ayudarle a entender las pra\u0301cticas de uso de la misma. Los datos personales que usted (en su cara\u0301cter de Titular) ha proporcionado directamente o trave\u0301s de medios electro\u0301nicos a AV Drones (en su cara\u0301cter de Responsable), han sido recabados y sera\u0301n tratados por AV Drones bajo los principios licitud, consentimiento, informacio\u0301n, calidad, finalidad, lealtad, proporcionalidad y responsabilidad, de conformidad con lo dispuesto por el arti\u0301culo 6\u00b0 de la Ley. Usted no ha proporcionado datos personales sensibles, tal y como son definidos por la Ley. AV Drones no obtendra\u0301 datos personales sensibles entendie\u0301ndose por estos, aquellos que afecten a la esfera ma\u0301s i\u0301ntima del Titular, o cuya utilizacio\u0301n indebida puedan dar origen a discriminacio\u0301n o conlleve un riesgo grave para e\u0301ste. AV Drones podra\u0301 almacenar los datos personales de las Personas cuando usted los proporcione a trave\u0301s del sitio web y mediante la implementacio\u0301n de cookies (una cookie es informacio\u0301n enviada por un sitio web y almacenada en el navegador del usuario). Datos personales posiblemente recabados y que se sujetari\u0301an a tratamiento son los siguientes:<\/p>\n<ul>\n<li>Datos Generales de identificacio\u0301n de los Titulares, incluyendo datos de facturacio\u0301n.<\/li>\n<li>Datos de contacto: lo cual incluye el domicilio, tele\u0301fono y correo electro\u0301nico.<\/li>\n<\/ul>\n<p><br><\/p><p>FINALIDAD<\/p>\n<p>Finalidades indispensables Los datos personales que usted proporcione a AV Drones sera\u0301n utilizados para las siguientes finalidades:<\/p>\n<ul>\n<li>Corroborar la identidad y veracidad de la informaci\u00f3n proporcionada;<\/li>\n<li>Proporcionarle a usted informaci\u00f3n respecto de los productos y servicios de AV Drones;<\/li>\n<li>El tratamiento de su informaci\u00f3n para fines mercadot\u00e9cnicos, publicitarios y de prospecci\u00f3n comercial;<\/li>\n<li>La oferta y promoci\u00f3n de nuestros productos y servicios;<\/li>\n<li>La administraci\u00f3n de la relaci\u00f3n con nuestros clientes; y<\/li>\n<li>La integraci\u00f3n expedientes, bases de datos y sistemas necesarios para la prestaci\u00f3n de los servicios que ofrece AV Drones.<\/li>\n<li>Elaborar encuestas, estad\u00edsticas y reportes.<\/li>\n<\/ul>\n<p><br><\/p>\n<p>SEGURIDAD<\/p>\n<p>Los datos personales del Titular proporcionados a AV Drones, se encontrara\u0301n debidamente protegidos a trave\u0301s de medidas de seguridad, tecnolo\u0301gicas, fi\u0301sicas y administrativas, previniendo el uso o divulgacio\u0301n indebida de los mismos. Sus datos personales u\u0301nicamente podra\u0301n ser consultados por el personal de AV Drones con autorizacio\u0301n especi\u0301fica para procesar dicha informacio\u0301n y u\u0301nicamente para los fines establecidos en el presente aviso de privacidad. Los datos personales que no sean necesarios para cumplir los fines incluidos anteriormente sera\u0301n cancelados por AV Drones, salvo que la legislacio\u0301n mexicana exija lo contrario.<\/p>\n<p><br><\/p>\n<p><\/p>\n<p>SUS DERECHOS<\/p>\n<p>Al firmar el presente aviso de privacidad usted presta su consentimiento para (i) el registro y uso de sus datos personales de conformidad con el presente aviso de privacidad, (ii) la transferencia de su informacio\u0301n personal a terceros, ya sea mexicanos o extranjeros, cuando dicha transferencia sea necesaria para cumplir los fines descritos anteriormente y en todo momento sera\u0301 realizada de conformidad con la Ley y sus reglamentos. &nbsp; Asimismo, usted podra\u0301 en cualquier momento revocar su consentimiento para el uso de sus datos personales, limitar el uso o el alcance de los mismos por parte de AV Drones, asi\u0301 como ejercitar sus derechos de acceso, rectificacio\u0301n, cancelacio\u0301n y oposicio\u0301n, de conformidad con lo establecido en la Ley y sus reglamentos, simplemente a trave\u0301s de un correo electro\u0301nico a la siguiente direccio\u0301n vuela@avdrones.mx. La informacio\u0301n a la que usted solicite acceso sera\u0301 proporcionada a usted a trave\u0301s de un documento electro\u0301nico o una copia simple de la misma.<\/p>\n<p><br><\/p>\n<p><\/p>\n<p>MODIFICACI\u00d3N<\/p>\n<p>Nos reservamos el derecho de efectuar en cualquier momento modificaciones o actualizaciones al presente aviso de privacidad. En este supuesto, se anunciara\u0301n en esta pa\u0301gina los cambios introducidos con razonable anticipacio\u0301n a su puesta en pra\u0301ctica. &nbsp;<\/p><\/div>\n\t\t\t\t<\/div>\n\t\t\t\t<\/div>\n\t\t\t\t\t\t<\/div>\n\t\t\t<\/div>\n\t\t<\/div>\n\t\t\t\t\t\t<\/div>\n\t\t\t<\/div>\n\t\t<\/section>\n\t\t\t\t<section class=\"elementor-element elementor-element-90b5d4b elementor-section-boxed elementor-section-height-default elementor-section-height-default elementor-section elementor-top-section\" data-id=\"90b5d4b\" data-element_type=\"section\">\n\t\t\t\t\t\t<div class=\"elementor-container elementor-column-gap-default\">\n\t\t\t\t<div class=\"elementor-row\">\n\t\t\t\t<div class=\"elementor-element elementor-element-867d324 elementor-column elementor-col-100 elementor-top-column\" data-id=\"867d324\" data-element_type=\"column\">\n\t\t\t<div class=\"elementor-column-wrap  elementor-element-populated\">\n\t\t\t\t\t<div class=\"elementor-widget-wrap\">\n\t\t\t\t<div class=\"elementor-element elementor-element-90d609f elementor-widget elementor-widget-spacer\" data-id=\"90d609f\" data-element_type=\"widget\" data-widget_type=\"spacer.default\">\n\t\t\t\t<div class=\"elementor-widget-container\">\n\t\t\t\t\t<div class=\"elementor-spacer\">\n\t\t\t<div class=\"elementor-spacer-inner\"><\/div>\n\t\t<\/div>\n\t\t\t\t<\/div>\n\t\t\t\t<\/div>\n\t\t\t\t\t\t<\/div>\n\t\t\t<\/div>\n\t\t<\/div>\n\t\t\t\t\t\t<\/div>\n\t\t\t<\/div>\n\t\t<\/section>\n\t\t\t\t\t\t<\/div>\n\t\t\t<\/div>\n\t\t<\/div>","protected":false},"excerpt":{"rendered":"<p>AVISO DE PRIVACIDAD AV Drones, S.A. de C.V. (\u201cAV Drones\u201d), con domicilio ubicado en Carretera Me\u0301xico-Toluca 2822, Loft 4, Col. Lomas de Bezares, Del. Miguel Hidalgo; C.P. 11910, Ciudad de Me\u0301xico, proporciona este aviso de privacidad en cumplimiento con la Ley Federal de Proteccio\u0301n de Datos Personales en Posesio\u0301n de los Particulares publicada en el [&hellip;]<\/p>","protected":false},"author":1,"featured_media":0,"parent":0,"menu_order":0,"comment_status":"closed","ping_status":"closed","template":"elementor_header_footer","meta":[],"_links":{"self":[{"href":"https:\/\/avdrones.mx\/en\/wp-json\/wp\/v2\/pages\/268"}],"collection":[{"href":"https:\/\/avdrones.mx\/en\/wp-json\/wp\/v2\/pages"}],"about":[{"href":"https:\/\/avdrones.mx\/en\/wp-json\/wp\/v2\/types\/page"}],"author":[{"embeddable":true,"href":"https:\/\/avdrones.mx\/en\/wp-json\/wp\/v2\/users\/1"}],"replies":[{"embeddable":true,"href":"https:\/\/avdrones.mx\/en\/wp-json\/wp\/v2\/comments?post=268"}],"version-history":[{"count":4,"href":"https:\/\/avdrones.mx\/en\/wp-json\/wp\/v2\/pages\/268\/revisions"}],"predecessor-version":[{"id":273,"href":"https:\/\/avdrones.mx\/en\/wp-json\/wp\/v2\/pages\/268\/revisions\/273"}],"wp:attachment":[{"href":"https:\/\/avdrones.mx\/en\/wp-json\/wp\/v2\/media?parent=268"}],"curies":[{"name":"wp","href":"https:\/\/api.w.org\/{rel}","templated":true}]}}